{"id":40482,"date":"2020-05-18T02:35:47","date_gmt":"2020-05-18T00:35:47","guid":{"rendered":"https:\/\/seminarhotels-schweiz.com\/de\/?page_id=40482"},"modified":"2020-05-25T11:58:04","modified_gmt":"2020-05-25T09:58:04","slug":"rahmenprogramme","status":"publish","type":"page","link":"https:\/\/linz-tagungshotels.at\/de\/rahmenprogramme\/","title":{"rendered":"Rahmenprogramme"},"content":{"rendered":"<p>Ihr Teamevent steht an und Sie m\u00f6chten Ihre Mitarbeiter und Kollegen \u00fcberraschen? Wir haben Rahmenprogramme f\u00fcr Tagungen, Seminare und andere Anl\u00e4sse f\u00fcr Sie ausfindig gemacht!<\/p>\n<p>Planen Sie Ausfl\u00fcge, Aktivit\u00e4ten, Workshops oder Teambuilding-Events f\u00fcr Ihre Mitarbeiter, Kunden oder Seminarteilnehmer? Dann sind Sie bei uns genau richtig. Wir stellen Ihnen ein umfassendes Angebot an Ausflugszielen zusammen. Ob Indoor oder Outdoor-Erlebnisse, Workshops, Seminare oder weitere Aktivit\u00e4ten. Wir haben sie \u2013 erlebnisreiche Rahmenprogramme!<\/p>\n<h2>Rahmenprogramme f\u00fcr Ihren Seminartag &#8211; MICE Service Group<\/h2>\n<p>Wir bieten Ihnen zahlreiche M\u00f6glichkeiten f\u00fcr Gruppenaktivit\u00e4ten. Nehmen Sie Ihre Teilnehmer mit auf einen Berggipfel oder hinein in die Tiefen einer H\u00f6hle. Verw\u00f6hnen Sie Ihre Kollegen mit kulinarischen K\u00f6stlichkeiten und geniessen Sie unseren Service. Wir planen f\u00fcr Sie!<\/p>\n<p>W\u00e4hrend wir Ihnen ein Angebot zusammenstellen, nutzen Sie Ihre Zeit anderweitig. Bereits zuvor k\u00f6nnen Sie sich auf unvergessliche Stunden mit Ihrem Team freuen. St\u00e4rken Sie das Zusammengeh\u00f6rigkeitsgef\u00fchl mit einem motivierenden Teambuilding-Event.<\/p>\n<p>Ein Mitarbeiterausflug kann Informationen \u00fcber die Geschichte und Traditionen verschiedener Regionen oder Aktivit\u00e4ten beinhalten. Genauso k\u00f6nnen Sie sich sportlich bet\u00e4tigen oder selbstst\u00e4ndig etwas herstellen.<\/p>\n<p>Das j\u00e4hrliche Weihnachtsessen kann doch mit einer kleinen Herausforderung kombiniert werden. Erleben Sie einen Tag mit Ihrem Wunschevent. Es soll schliesslich nicht alle Jahre dasselbe sein, oder? Ideen, Innovationen und Spass kommen bei unseren Rahmenprogrammen keinesfalls zu kurz. Erleben Sie gemeinsam mit Ihren Teamkollegen, Freunden oder Ihrer Familie tolle und unvergessliche Momente, die Ihnen lange in Erinnerung bleiben.<\/p>","protected":false},"excerpt":{"rendered":"<p>Ihr Teamevent steht an und Sie m\u00f6chten Ihre Mitarbeiter und Kollegen \u00fcberraschen? Wir haben Rahmenprogramme f\u00fcr Tagungen, Seminare und andere Anl\u00e4sse f\u00fcr Sie ausfindig gemacht! Planen Sie Ausfl\u00fcge, Aktivit\u00e4ten, Workshops oder Teambuilding-Events f\u00fcr Ihre Mitarbeiter, Kunden oder Seminarteilnehmer? Dann sind Sie bei uns genau richtig. Wir stellen Ihnen ein umfassendes Angebot an Ausflugszielen zusammen. Ob [&hellip;]<\/p>\n","protected":false},"author":1,"featured_media":0,"parent":0,"menu_order":0,"comment_status":"closed","ping_status":"closed","template":"","meta":[],"acf":[],"yoast_head":"<!-- This site is optimized with the Yoast SEO Premium plugin v20.3 (Yoast SEO v20.3) - https:\/\/yoast.com\/wordpress\/plugins\/seo\/ -->\n<title>Rahmenprogramme &amp; Teambuilding Activities | MICE Service Group | Tagungshotels in Linz &#8211; Tagen in der Kulturhauptstadt Europas<\/title>\n<meta name=\"description\" content=\"Fringe programmes and Teambuilding activities - Book your special team event now with the MICE Service Group. Call us +41 (0)43 55 66 441.\" \/>\n<meta name=\"robots\" content=\"index, follow, max-snippet:-1, max-image-preview:large, max-video-preview:-1\" \/>\n<link rel=\"canonical\" href=\"https:\/\/grindelwald-seminarhotels.ch\/en\/rahmenprogramme\/\" \/>\n<meta property=\"og:locale\" content=\"de_DE\" \/>\n<meta property=\"og:type\" content=\"article\" \/>\n<meta property=\"og:title\" content=\"Rahmenprogramme\" \/>\n<meta property=\"og:description\" content=\"Fringe programmes and Teambuilding activities - Book your special team event now with the MICE Service Group. Call us +41 (0)43 55 66 441.\" \/>\n<meta property=\"og:url\" content=\"https:\/\/grindelwald-seminarhotels.ch\/en\/rahmenprogramme\/\" \/>\n<meta property=\"article:modified_time\" content=\"2020-05-25T09:58:04+00:00\" \/>\n<meta name=\"twitter:card\" content=\"summary_large_image\" \/>\n<meta name=\"twitter:label1\" content=\"Gesch\u00e4tzte Lesezeit\" \/>\n\t<meta name=\"twitter:data1\" content=\"3 Minuten\" \/>\n<script type=\"application\/ld+json\" class=\"yoast-schema-graph\">{\"@context\":\"https:\/\/schema.org\",\"@graph\":[{\"@type\":\"WebPage\",\"@id\":\"https:\/\/grindelwald-seminarhotels.ch\/en\/rahmenprogramme\/\",\"url\":\"https:\/\/grindelwald-seminarhotels.ch\/en\/rahmenprogramme\/\",\"name\":\"Rahmenprogramme & Teambuilding Activities | MICE Service Group\",\"isPartOf\":{\"@id\":\"https:\/\/seminarhotels-schweiz.com\/de\/#website\"},\"datePublished\":\"2020-05-18T00:35:47+00:00\",\"dateModified\":\"2020-05-25T09:58:04+00:00\",\"description\":\"Fringe programmes and Teambuilding activities - Book your special team event now with the MICE Service Group. Call us +41 (0)43 55 66 441.\",\"breadcrumb\":{\"@id\":\"https:\/\/grindelwald-seminarhotels.ch\/en\/rahmenprogramme\/#breadcrumb\"},\"inLanguage\":\"de-DE\",\"potentialAction\":[{\"@type\":\"ReadAction\",\"target\":[\"https:\/\/grindelwald-seminarhotels.ch\/en\/rahmenprogramme\/\"]}]},{\"@type\":\"BreadcrumbList\",\"@id\":\"https:\/\/grindelwald-seminarhotels.ch\/en\/rahmenprogramme\/#breadcrumb\",\"itemListElement\":[{\"@type\":\"ListItem\",\"position\":1,\"name\":\"Home\",\"item\":\"https:\/\/seminarhotels-schweiz.com\/de\/\"},{\"@type\":\"ListItem\",\"position\":2,\"name\":\"Fringe programmes\"}]},{\"@type\":\"WebSite\",\"@id\":\"https:\/\/seminarhotels-schweiz.com\/de\/#website\",\"url\":\"https:\/\/seminarhotels-schweiz.com\/de\/\",\"name\":\"linz-tagungshotels.at\",\"description\":\"\",\"potentialAction\":[{\"@type\":\"SearchAction\",\"target\":{\"@type\":\"EntryPoint\",\"urlTemplate\":\"https:\/\/seminarhotels-schweiz.com\/de\/?s={search_term_string}\"},\"query-input\":\"required name=search_term_string\"}],\"inLanguage\":\"de-DE\"}]}<\/script>\n<!-- \/ Yoast SEO Premium plugin. -->","yoast_head_json":{"title":"Rahmenprogramme & Teambuilding Activities | MICE Service Group | Tagungshotels in Linz &#8211; Tagen in der Kulturhauptstadt Europas","description":"Fringe programmes and Teambuilding activities - Book your special team event now with the MICE Service Group. Call us +41 (0)43 55 66 441.","robots":{"index":"index","follow":"follow","max-snippet":"max-snippet:-1","max-image-preview":"max-image-preview:large","max-video-preview":"max-video-preview:-1"},"canonical":"https:\/\/grindelwald-seminarhotels.ch\/en\/rahmenprogramme\/","og_locale":"de_DE","og_type":"article","og_title":"Rahmenprogramme","og_description":"Fringe programmes and Teambuilding activities - Book your special team event now with the MICE Service Group. Call us +41 (0)43 55 66 441.","og_url":"https:\/\/grindelwald-seminarhotels.ch\/en\/rahmenprogramme\/","article_modified_time":"2020-05-25T09:58:04+00:00","twitter_card":"summary_large_image","twitter_misc":{"Gesch\u00e4tzte Lesezeit":"3 Minuten"},"schema":{"@context":"https:\/\/schema.org","@graph":[{"@type":"WebPage","@id":"https:\/\/grindelwald-seminarhotels.ch\/en\/rahmenprogramme\/","url":"https:\/\/grindelwald-seminarhotels.ch\/en\/rahmenprogramme\/","name":"Rahmenprogramme & Teambuilding Activities | MICE Service Group","isPartOf":{"@id":"https:\/\/seminarhotels-schweiz.com\/de\/#website"},"datePublished":"2020-05-18T00:35:47+00:00","dateModified":"2020-05-25T09:58:04+00:00","description":"Fringe programmes and Teambuilding activities - Book your special team event now with the MICE Service Group. Call us +41 (0)43 55 66 441.","breadcrumb":{"@id":"https:\/\/grindelwald-seminarhotels.ch\/en\/rahmenprogramme\/#breadcrumb"},"inLanguage":"de-DE","potentialAction":[{"@type":"ReadAction","target":["https:\/\/grindelwald-seminarhotels.ch\/en\/rahmenprogramme\/"]}]},{"@type":"BreadcrumbList","@id":"https:\/\/grindelwald-seminarhotels.ch\/en\/rahmenprogramme\/#breadcrumb","itemListElement":[{"@type":"ListItem","position":1,"name":"Home","item":"https:\/\/seminarhotels-schweiz.com\/de\/"},{"@type":"ListItem","position":2,"name":"Fringe programmes"}]},{"@type":"WebSite","@id":"https:\/\/seminarhotels-schweiz.com\/de\/#website","url":"https:\/\/seminarhotels-schweiz.com\/de\/","name":"linz-tagungshotels.at","description":"","potentialAction":[{"@type":"SearchAction","target":{"@type":"EntryPoint","urlTemplate":"https:\/\/seminarhotels-schweiz.com\/de\/?s={search_term_string}"},"query-input":"required name=search_term_string"}],"inLanguage":"de-DE"}]}},"_links":{"self":[{"href":"https:\/\/linz-tagungshotels.at\/de\/wp-json\/wp\/v2\/pages\/40482"}],"collection":[{"href":"https:\/\/linz-tagungshotels.at\/de\/wp-json\/wp\/v2\/pages"}],"about":[{"href":"https:\/\/linz-tagungshotels.at\/de\/wp-json\/wp\/v2\/types\/page"}],"author":[{"embeddable":true,"href":"https:\/\/linz-tagungshotels.at\/de\/wp-json\/wp\/v2\/users\/1"}],"replies":[{"embeddable":true,"href":"https:\/\/linz-tagungshotels.at\/de\/wp-json\/wp\/v2\/comments?post=40482"}],"version-history":[{"count":0,"href":"https:\/\/linz-tagungshotels.at\/de\/wp-json\/wp\/v2\/pages\/40482\/revisions"}],"wp:attachment":[{"href":"https:\/\/linz-tagungshotels.at\/de\/wp-json\/wp\/v2\/media?parent=40482"}],"curies":[{"name":"wp","href":"https:\/\/api.w.org\/{rel}","templated":true}]}}